{"id":14716,"date":"2018-04-19T21:26:00","date_gmt":"2018-04-19T19:26:00","guid":{"rendered":"http:\/\/www.runitalia.com\/?page_id=14716"},"modified":"2023-03-30T22:10:04","modified_gmt":"2023-03-30T20:10:04","slug":"la-calzatura-giusta-per-il-running","status":"publish","type":"page","link":"https:\/\/www.runitalia.com\/index.php\/la-calzatura-giusta-per-il-running\/","title":{"rendered":"LA CALZATURA GIUSTA PER IL RUNNING"},"content":{"rendered":"<div class=\"wpb-content-wrapper\"><p>[vc_row][vc_column width=&#8221;1\/4&#8243;][vc_single_image image=&#8221;14720&#8243; img_size=&#8221;full&#8221; style=&#8221;vc_box_outline&#8221;][vc_single_image image=&#8221;14719&#8243; img_size=&#8221;large&#8221; style=&#8221;vc_box_outline&#8221;][\/vc_column][vc_column width=&#8221;3\/4&#8243;][vc_column_text]Parliamo dell&#8217;attrezzatura ideale per la corsa. La scarpa \u00e8 ben pi\u00f9 di un capo di abbigliamento per la funzione che ha di contenere le nostre estremit\u00e0 dove si va ad appoggiare tutto il peso del corpo.<br \/>\nLe calzature da running di oggi, rispetto a quelle del passato, permettono ad un&#8217;utenza sempre pi\u00f9 ampia di poter fare l&#8217;attivit\u00e0 ripetutamente traumatica tipica della corsa. Grazie a ci\u00f2 possono correre anche atleti non propriamente in perfetta forma e in sovrappeso o con difetti posturali che se indossassero scarpe generiche incorrerebbero in breve tempo in infortuni e malanni.<\/p>\n<p>Primo aspetto da considerare \u00e8 il tipo di appoggio. Premesso che i tipi di appoggio sono estremamente variegati, per convenzione si dividono in 3 grandi categorie:<br \/>\n\u2013 Appoggio neutro<br \/>\n\u2013 Appoggio in pronazione<br \/>\n\u2013 Appoggio in supinazione<br \/>\nLe scarpe sono pensate per assecondare e correggere gli atteggiamenti posturali errati.<\/p>\n<p>La seconda variabile in gioco dopo l&#8217;appoggio \u00e8 il peso che devono sopportare, ovvero il peso dell&#8217;atleta che, impattando sul terreno per effetto dell&#8217; accellerazione, si ritrova a scaricare sugli arti inferiori il doppio della propria massa. Intuibile pensare che chi pi\u00f9 pesa ha necessit\u00e0 di un paio di scarpe pi\u00f9 ammortizzate. In ogni caso le aziende pensano scarpe ammortizzate adeguatamente per ogni tipo di corporatura.<\/p>\n<p>Il terzo aspetto riguarda le velocit\u00e0 di percorrenza, pi\u00f9 si corre veloci e pi\u00f9 l&#8217;utilizzo del piede \u00e8 vincolato ad una scarpa il meno zavorrata possibile. Anche vero che una scarpa meno pesante risulta sicuramente meno ammortizzata il che pu\u00f2 portare altri problemi proprio perch\u00e9 la calzatura meno ammortizzata protegge di meno.<\/p>\n<p>Quarta e ultima caratteristica da valutare \u00e8 il numero di chilometri settimanali percorsi dall&#8217;atleta.<\/p>\n<p>Da questi tre aspetti le calzature da running sono state divise in diverse tipologie:<\/p>\n<p>\u2013 A0: SCARPA MINIMALISTA<br \/>\n\u2013 A1: SCARPA SUPERLEGGERA<br \/>\n\u2013 A2: SCARPA LEGGERA PERFORMANTE<br \/>\n\u2013 A3: MASSIMA AMMORTIZZAZIONE<br \/>\n\u2013 A4: MASSIMA AMMORTIZZAZIONE STABILE<br \/>\n\u2013 A5: TRAIL<\/p>\n<p>Sul come utilizzarle e da chi vanno indossate ne parleremo analiticamente nei prossimi articoli, per ora vi basti sapere che ovviamente per caratteristiche le scarpe pi\u00f9 utilizzate sono le A3 e le A4, le cosiddette scarpe da allenamento, le quali si suddividono rispettivamente in altre 2 sottocategorie, una rivolta agli atleti leggeri e l&#8217;altra agli atleti pi\u00f9 pesanti.<\/p>\n<p>Adesso sicuramente il lettore si star\u00e0 chiedendo come scegliere la scarpa giusta. Sicuramente da soli diventa decisamente difficile e qui entra in gioco il tecnico specialista della scarpa da running, aggiornato sugli ultimi modelli e materiali utilizzati, \u00e8 in grado di individuare le caratteristiche della persona e di consigliare tramite un controllo posturale la scarpa che fa per l&#8217;atleta. Il tutto perch\u00e9 spesso non c&#8217;\u00e8 un confine netto tra una categoria e l&#8217;altra di scarpa come non c&#8217;\u00e8 un confine netto tra una categoria di atleti e l&#8217;altra. Capacit\u00e0 del tecnico della calzatura \u00e8 di saper miscelare tutte le informazioni fin qui riportate per stabilire cosa mettere ai piedi.<\/p>\n<p>RUN PHILOSOPHY[\/vc_column_text][\/vc_column][\/vc_row]<\/p>\n<\/div>","protected":false},"excerpt":{"rendered":"<p>[vc_row][vc_column width=&#8221;1\/4&#8243;][vc_single_image image=&#8221;14720&#8243; img_size=&#8221;full&#8221; style=&#8221;vc_box_outline&#8221;][vc_single_image image=&#8221;14719&#8243; img_size=&#8221;large&#8221; style=&#8221;vc_box_outline&#8221;][\/vc_column][vc_column width=&#8221;3\/4&#8243;][vc_column_text]Parliamo dell&#8217;attrezzatura ideale per la corsa. La scarpa \u00e8 ben pi\u00f9 di un capo di abbigliamento per la funzione che ha di contenere le nostre estremit\u00e0 dove si va ad appoggiare tutto il peso del corpo. Le calzature da running di oggi, rispetto a quelle del passato, [&hellip;]<\/p>\n","protected":false},"author":1,"featured_media":0,"parent":0,"menu_order":0,"comment_status":"closed","ping_status":"closed","template":"","meta":{"footnotes":""},"class_list":["post-14716","page","type-page","status-publish"],"_links":{"self":[{"href":"https:\/\/www.runitalia.com\/index.php\/wp-json\/wp\/v2\/pages\/14716","targetHints":{"allow":["GET"]}}],"collection":[{"href":"https:\/\/www.runitalia.com\/index.php\/wp-json\/wp\/v2\/pages"}],"about":[{"href":"https:\/\/www.runitalia.com\/index.php\/wp-json\/wp\/v2\/types\/page"}],"author":[{"embeddable":true,"href":"https:\/\/www.runitalia.com\/index.php\/wp-json\/wp\/v2\/users\/1"}],"replies":[{"embeddable":true,"href":"https:\/\/www.runitalia.com\/index.php\/wp-json\/wp\/v2\/comments?post=14716"}],"version-history":[{"count":17,"href":"https:\/\/www.runitalia.com\/index.php\/wp-json\/wp\/v2\/pages\/14716\/revisions"}],"predecessor-version":[{"id":14905,"href":"https:\/\/www.runitalia.com\/index.php\/wp-json\/wp\/v2\/pages\/14716\/revisions\/14905"}],"wp:attachment":[{"href":"https:\/\/www.runitalia.com\/index.php\/wp-json\/wp\/v2\/media?parent=14716"}],"curies":[{"name":"wp","href":"https:\/\/api.w.org\/{rel}","templated":true}]}}