{"id":14600,"date":"2018-04-09T08:10:14","date_gmt":"2018-04-09T06:10:14","guid":{"rendered":"http:\/\/www.runitalia.com\/?page_id=14600"},"modified":"2018-04-09T08:13:03","modified_gmt":"2018-04-09T06:13:03","slug":"cookie-policy","status":"publish","type":"page","link":"https:\/\/www.runitalia.com\/index.php\/cookie-policy\/","title":{"rendered":"Cookie policy"},"content":{"rendered":"<p>LA PRIVACY POLICY DI QUESTO SITO<\/p>\n<p>Perch\u00e8 questo avviso.<br \/>\nIn questa pagina si descrive la gestione del sito in riferimento al trattamento dei dati personali degli utenti che lo esplorano. L\u2019informativa \u00e8 resa solo per questo sito e non anche per altri siti eventualmente richiamati dall\u2019utente tramite link.<\/p>\n<p>In che modo utilizziamo i cookie.<br \/>\nUn cookie \u00e8 un breve testo inviato al tuo browser da un sito web visitato. Consente al sito di memorizzare informazioni sulla tua visita, come la tua lingua preferita e altre impostazioni. Ci\u00f2 pu\u00f2 facilitare la tua visita successiva e aumentare la fruibilit\u00e0 del sito.<br \/>\nI cookie svolgono un ruolo importante, senza di essi l\u2019utilizzo del sito sarebbe quasi impossibile.<br \/>\nI cookie vengono utilizzati per vari scopi, ad esempio per memorizzare le tue preferenze, per contare il numero di visitatori, per proteggere i tuoi dati, ecc.<\/p>\n<p>I cookie che utilizziamo.<br \/>\nEsistono diversi tipi di cookie, tecnici, di profilazione, di terze parti, ecc. Nel tuo browser potrebbero essere memorizzati alcuni o tutti i tipi di cookie esistenti.<br \/>\nPuoi visualizzare e gestire i cookie mediate le impostazioni del browser che utilizzi (Internet explorer, Firefox, Google Chrome, ecc.) alcuni browser per device mobili (smartphone, tablet, ecc) potrebbero non offrire questa opzione.<\/p>\n<p>Esempi di utilizzo.<\/p>\n<p>Cookie Preferenziali:<br \/>\nPermettono ai siti web di memorizzare informazioni che modificano l\u2019aspetto, il comportamento, ecc. Ad esempio i cookie possono aiutarti ad aumentare le dimensioni del testo, il tipo di carattere, ecc.<\/p>\n<p>Cookie Processuali:<br \/>\nQuesti contribuiscono al funzionamento del sito, ad esempio la navigazione tra le pagine. Senza questi cookie, il sito non pu\u00f2 funzionare correttamente.<\/p>\n<p>Cookie analitici:<br \/>\nAlcuni tipi di cookie vengono utilizzati in maniera anonima per scopi statistici, ad esempio tipologia di pagine visitate, errori, ecc.<\/p>\n<p>Cookie sessionali:<br \/>\nQuesti cookie vengono utlizzati per migliorare la navigazione, in caso di errori permettono di mandare apposite pagine, migliorare la navigazione, ecc.<\/p>\n<p>Gestione dei cookie.<br \/>\nTutti i browser offrono la possibilit\u00e0 di gestire i cookie in modo da personalizzare le preferenze degli utenti. Mediante le impostazioni del browser \u00e8 possibile impostare regole per gestire i cookie, puoi disabilitare i cookie di tutti i siti o solo un particolare sito, impostare la cancellaizone automatica dei dati di navigazione, navigare in maniera anonima, ecc.<br \/>\nPer maggiori informazioni puoi consultare la guida del browser che utilizzi, se, invece, conosci il tuo browser clicca su quello che stai utilizzando per accedere alla pagina di gestione dei cookie.<\/p>\n<p><a href=\"https:\/\/support.microsoft.com\/it-it\/help\/17442\/windows-internet-explorer-delete-manage-cookies\">Internet Explorer<\/a><\/p>\n<p><a href=\"https:\/\/support.google.com\/chrome\/answer\/95647?hl=it&amp;topic=14666&amp;ctx=topic\">Google Chrome<\/a><\/p>\n<p><a href=\"https:\/\/support.mozilla.org\/it\/kb\/Attivare%20e%20disattivare%20i%20cookie\">Mozilla Firefox<\/a><\/p>\n<p><a href=\"https:\/\/support.apple.com\/kb\/PH17191?locale=it_IT&amp;viewlocale=it_IT\">Safari<\/a><\/p>\n<p><a href=\"https:\/\/www.opera.com\/help\/tutorials\/security\/cookies\/\">Opera<\/a><\/p>\n","protected":false},"excerpt":{"rendered":"<p>LA PRIVACY POLICY DI QUESTO SITO Perch\u00e8 questo avviso. In questa pagina si descrive la gestione del sito in riferimento al trattamento dei dati personali degli utenti che lo esplorano. L\u2019informativa \u00e8 resa solo per questo sito e non anche per altri siti eventualmente richiamati dall\u2019utente tramite link. In che modo utilizziamo i cookie. Un [&hellip;]<\/p>\n","protected":false},"author":1,"featured_media":0,"parent":0,"menu_order":0,"comment_status":"closed","ping_status":"closed","template":"","meta":{"footnotes":""},"class_list":["post-14600","page","type-page","status-publish"],"_links":{"self":[{"href":"https:\/\/www.runitalia.com\/index.php\/wp-json\/wp\/v2\/pages\/14600","targetHints":{"allow":["GET"]}}],"collection":[{"href":"https:\/\/www.runitalia.com\/index.php\/wp-json\/wp\/v2\/pages"}],"about":[{"href":"https:\/\/www.runitalia.com\/index.php\/wp-json\/wp\/v2\/types\/page"}],"author":[{"embeddable":true,"href":"https:\/\/www.runitalia.com\/index.php\/wp-json\/wp\/v2\/users\/1"}],"replies":[{"embeddable":true,"href":"https:\/\/www.runitalia.com\/index.php\/wp-json\/wp\/v2\/comments?post=14600"}],"version-history":[{"count":3,"href":"https:\/\/www.runitalia.com\/index.php\/wp-json\/wp\/v2\/pages\/14600\/revisions"}],"predecessor-version":[{"id":14604,"href":"https:\/\/www.runitalia.com\/index.php\/wp-json\/wp\/v2\/pages\/14600\/revisions\/14604"}],"wp:attachment":[{"href":"https:\/\/www.runitalia.com\/index.php\/wp-json\/wp\/v2\/media?parent=14600"}],"curies":[{"name":"wp","href":"https:\/\/api.w.org\/{rel}","templated":true}]}}